{"id":22072,"date":"2024-04-26T12:17:36","date_gmt":"2024-04-26T10:17:36","guid":{"rendered":"https:\/\/www.etna-volcano.com\/vincenzo-greco\/"},"modified":"2025-10-29T20:18:25","modified_gmt":"2025-10-29T19:18:25","slug":"vincenzo-greco","status":"publish","type":"page","link":"https:\/\/www.etna-volcano.com\/fr\/vincenzo-greco\/","title":{"rendered":"Vincenzo Greco"},"content":{"rendered":"\t\t<div data-elementor-type=\"wp-page\" data-elementor-id=\"22072\" class=\"elementor elementor-22072 elementor-21259\">\n\t\t\t\t<div class=\"elementor-element elementor-element-7ef0683 e-flex e-con-boxed e-con e-parent\" data-id=\"7ef0683\" data-element_type=\"container\">\n\t\t\t\t\t<div class=\"e-con-inner\">\n\t\t<div class=\"elementor-element elementor-element-ad45c70 e-con-full e-flex e-con e-child\" data-id=\"ad45c70\" data-element_type=\"container\">\n\t\t\t\t<div class=\"elementor-element elementor-element-e4906cf elementor-widget elementor-widget-text-editor\" data-id=\"e4906cf\" data-element_type=\"widget\" data-widget_type=\"text-editor.default\">\n\t\t\t\t<div class=\"elementor-widget-container\">\n\t\t\t\t\t\t\t\t\t<p>Vincenzo vit le volcan Etna depuis 1997.<br>\u2022 Appartenant \u00e0 la deuxi\u00e8me g\u00e9n\u00e9ration de guides de l\u2019Etna<br>\u2022 Guide officiel sur les volcans italiens<\/p><p>Vincenzo Greco a fr\u00e9quent\u00e9 la Facult\u00e9 de G\u00e9ologie de l\u2019Universit\u00e9 de Catane et a pass\u00e9 son enfance en \u00e9troit contact avec le volcan. Petit-fils du guide alpin dont il porta le nom, ses parents l\u2019emmen\u00e8rent \u00e0 Piano Provenzana quelques mois apr\u00e8s sa naissance. Le petit Vincenzo passait ses journ\u00e9es \u00e0 jouer dans les bois et \u00e0 courir sur les langues de lave nues. La curiosit\u00e9 n\u00e9e de sa fr\u00e9quentation constante de la nature lui a permis de tisser un lien sp\u00e9cial avec la montagne, qu\u2019il consid\u00e8re comme une v\u00e9ritable ma\u00eetresse de vie. \u00c0 l\u2019\u00e2ge de 4 ans, il apprit ce qu\u2019\u00e9tait le ski alpin ; \u00e0 5 ans, il visita pour la premi\u00e8re fois les crat\u00e8res sommitaux. \u00c0 8 ans, il fut t\u00e9moin de la grande \u00e9ruption de 2002 qui d\u00e9truisit Piano Provenzana. Fascin\u00e9 et impressionn\u00e9 par une telle puissance, il commen\u00e7a \u00e0 se consacrer \u00e0 l\u2019\u00e9tude du volcan et des ph\u00e9nom\u00e8nes \u00e9ruptifs, tout en poursuivant ses ascensions hivernales et estivales avec les guides de l\u2019Etna.      <\/p>\t\t\t\t\t\t\t\t<\/div>\n\t\t\t\t<\/div>\n\t\t\t\t<\/div>\n\t\t<div class=\"elementor-element elementor-element-8d7cae4 e-con-full e-flex e-con e-child\" data-id=\"8d7cae4\" data-element_type=\"container\">\n\t\t\t\t<div class=\"elementor-element elementor-element-76b9560 elementor-widget elementor-widget-image\" data-id=\"76b9560\" data-element_type=\"widget\" data-widget_type=\"image.default\">\n\t\t\t\t<div class=\"elementor-widget-container\">\n\t\t\t\t\t\t\t\t\t\t\t\t\t\t\t<img fetchpriority=\"high\" decoding=\"async\" width=\"847\" height=\"635\" src=\"https:\/\/www.etna-volcano.com\/wp-content\/uploads\/2024\/04\/image00032-1024x768.jpeg\" class=\"attachment-large size-large wp-image-21267\" alt=\"\" srcset=\"https:\/\/www.etna-volcano.com\/wp-content\/uploads\/2024\/04\/image00032-1024x768.jpeg 1024w, https:\/\/www.etna-volcano.com\/wp-content\/uploads\/2024\/04\/image00032-300x225.jpeg 300w, https:\/\/www.etna-volcano.com\/wp-content\/uploads\/2024\/04\/image00032-768x576.jpeg 768w, https:\/\/www.etna-volcano.com\/wp-content\/uploads\/2024\/04\/image00032-1536x1152.jpeg 1536w, https:\/\/www.etna-volcano.com\/wp-content\/uploads\/2024\/04\/image00032-2048x1536.jpeg 2048w\" sizes=\"(max-width: 847px) 100vw, 847px\" data-id=\"21267\" \/>\t\t\t\t\t\t\t\t\t\t\t\t\t\t\t<\/div>\n\t\t\t\t<\/div>\n\t\t\t\t<\/div>\n\t\t<div class=\"elementor-element elementor-element-f79416c e-con-full e-flex e-con e-child\" data-id=\"f79416c\" data-element_type=\"container\">\n\t\t\t\t<div class=\"elementor-element elementor-element-d907989 elementor-widget elementor-widget-image\" data-id=\"d907989\" data-element_type=\"widget\" data-widget_type=\"image.default\">\n\t\t\t\t<div class=\"elementor-widget-container\">\n\t\t\t\t\t\t\t\t\t\t\t\t\t\t\t<img decoding=\"async\" width=\"847\" height=\"565\" src=\"https:\/\/www.etna-volcano.com\/wp-content\/uploads\/2024\/04\/image00017-1024x683.jpeg\" class=\"attachment-large size-large wp-image-21264\" alt=\"\" srcset=\"https:\/\/www.etna-volcano.com\/wp-content\/uploads\/2024\/04\/image00017-1024x683.jpeg 1024w, https:\/\/www.etna-volcano.com\/wp-content\/uploads\/2024\/04\/image00017-300x200.jpeg 300w, https:\/\/www.etna-volcano.com\/wp-content\/uploads\/2024\/04\/image00017-768x512.jpeg 768w, https:\/\/www.etna-volcano.com\/wp-content\/uploads\/2024\/04\/image00017-1536x1024.jpeg 1536w, https:\/\/www.etna-volcano.com\/wp-content\/uploads\/2024\/04\/image00017-2048x1365.jpeg 2048w\" sizes=\"(max-width: 847px) 100vw, 847px\" data-id=\"21264\" \/>\t\t\t\t\t\t\t\t\t\t\t\t\t\t\t<\/div>\n\t\t\t\t<\/div>\n\t\t\t\t<\/div>\n\t\t<div class=\"elementor-element elementor-element-106637b e-con-full e-flex e-con e-child\" data-id=\"106637b\" data-element_type=\"container\">\n\t\t\t\t<div class=\"elementor-element elementor-element-33d02d8 elementor-widget elementor-widget-text-editor\" data-id=\"33d02d8\" data-element_type=\"widget\" data-widget_type=\"text-editor.default\">\n\t\t\t\t<div class=\"elementor-widget-container\">\n\t\t\t\t\t\t\t\t\t<p>Sa passion ne cessa de grandir et \u2014 fid\u00e8le aux valeurs qui lui ont \u00e9t\u00e9 transmises \u2014 il d\u00e9cida de suivre les traces de son grand-p\u00e8re, d\u00e9c\u00e9d\u00e9 alors qu\u2019il n\u2019avait que six ans. \u00c0 l\u2019\u00e2ge de 18 ans, il re\u00e7ut la mission de cataloguer le mat\u00e9riel scientifique de Salvatore Cucuzza, c\u00e9l\u00e8bre volcanologue de l\u2019Universit\u00e9 de Catane. C\u2019est ainsi que commen\u00e7a sa collaboration avec les chercheurs de l\u2019INGV (Institut National de G\u00e9ophysique et de Volcanologie). Gr\u00e2ce \u00e0 ses recherches continues, il r\u00e9alisa, avec l\u2019aide du Dr Stefano Branca, un projet pr\u00e9sent\u00e9 au si\u00e8ge du Parc de l\u2019Etna, intitul\u00e9 : *\u00ab L\u2019archive documentaire et photographique de Salvatore Cucuzza \u00bb.*<br>Passionn\u00e9 \u00e9galement de sport, Vincenzo tomba amoureux du ski-alpinisme, une activit\u00e9 id\u00e9ale \u00e0 pratiquer sur le volcan. Il se consacra aussi aux comp\u00e9titions d\u2019escalade, de course et de trail running. En 2016, il eut l\u2019opportunit\u00e9 de suivre la formation pour devenir guide et, en f\u00e9vrier 2017, il r\u00e9alisa son r\u00eave en obtenant le titre de *Guide Volcanologique*, devenant ainsi la plus jeune personne en Italie \u00e0 atteindre cet objectif.      <\/p>\t\t\t\t\t\t\t\t<\/div>\n\t\t\t\t<\/div>\n\t\t\t\t<\/div>\n\t\t\t\t\t<\/div>\n\t\t\t\t<\/div>\n\t\t\t\t<\/div>\n\t\t","protected":false},"excerpt":{"rendered":"<p>Vincenzo vit le volcan Etna depuis 1997.\u2022 Appartenant \u00e0 la deuxi\u00e8me g\u00e9n\u00e9ration de guides de l\u2019Etna\u2022 Guide officiel sur les volcans italiens Vincenzo Greco a fr\u00e9quent\u00e9 la Facult\u00e9 de G\u00e9ologie de l\u2019Universit\u00e9 de Catane et a pass\u00e9 son enfance en \u00e9troit contact avec le volcan. Petit-fils du guide alpin dont il porta le nom, ses &hellip; <a href=\"https:\/\/www.etna-volcano.com\/fr\/vincenzo-greco\/\" class=\"more-link\">Continue reading <span class=\"screen-reader-text\">Vincenzo Greco<\/span><\/a><\/p>\n","protected":false},"author":3,"featured_media":0,"parent":0,"menu_order":0,"comment_status":"closed","ping_status":"closed","template":"","meta":{"footnotes":""},"class_list":["post-22072","page","type-page","status-publish","hentry"],"_links":{"self":[{"href":"https:\/\/www.etna-volcano.com\/fr\/wp-json\/wp\/v2\/pages\/22072","targetHints":{"allow":["GET"]}}],"collection":[{"href":"https:\/\/www.etna-volcano.com\/fr\/wp-json\/wp\/v2\/pages"}],"about":[{"href":"https:\/\/www.etna-volcano.com\/fr\/wp-json\/wp\/v2\/types\/page"}],"author":[{"embeddable":true,"href":"https:\/\/www.etna-volcano.com\/fr\/wp-json\/wp\/v2\/users\/3"}],"replies":[{"embeddable":true,"href":"https:\/\/www.etna-volcano.com\/fr\/wp-json\/wp\/v2\/comments?post=22072"}],"version-history":[{"count":1,"href":"https:\/\/www.etna-volcano.com\/fr\/wp-json\/wp\/v2\/pages\/22072\/revisions"}],"predecessor-version":[{"id":22073,"href":"https:\/\/www.etna-volcano.com\/fr\/wp-json\/wp\/v2\/pages\/22072\/revisions\/22073"}],"wp:attachment":[{"href":"https:\/\/www.etna-volcano.com\/fr\/wp-json\/wp\/v2\/media?parent=22072"}],"curies":[{"name":"wp","href":"https:\/\/api.w.org\/{rel}","templated":true}]}}