{"id":22074,"date":"2024-07-30T10:46:11","date_gmt":"2024-07-30T08:46:11","guid":{"rendered":"https:\/\/www.etna-volcano.com\/informations-utiles-risques-et-ordonnances\/"},"modified":"2025-10-29T20:25:34","modified_gmt":"2025-10-29T19:25:34","slug":"informations-utiles-risques-et-ordonnances","status":"publish","type":"page","link":"https:\/\/www.etna-volcano.com\/fr\/informations-utiles-risques-et-ordonnances\/","title":{"rendered":"Informations utiles, risques et ordonnances"},"content":{"rendered":"\t\t<div data-elementor-type=\"wp-page\" data-elementor-id=\"22074\" class=\"elementor elementor-22074 elementor-21592\">\n\t\t\t\t<div class=\"elementor-element elementor-element-cc6f220 e-con-full e-flex e-con e-parent\" data-id=\"cc6f220\" data-element_type=\"container\">\n\t\t\t\t<div class=\"elementor-element elementor-element-a5bcaae tm-align-center elementor-widget elementor-widget-tm_blog_element\" data-id=\"a5bcaae\" data-element_type=\"widget\" data-widget_type=\"tm_blog_element.default\">\n\t\t\t\t<div class=\"elementor-widget-container\">\n\t\t\t\t\t<div class=\"themetechmount-boxes themetechmount-boxes-blog themetechmount-element-blogbox-style3 themetechmount-boxes-view-carousel themetechmount-boxes-col-three tm-boxes-carousel-arrow-square tm-boxes-carousel-arrows-1 themetechmount-boxes-gap-50px\" data-tm-show=\"10\" data-tm-loop=\"1\" data-tm-autoplay=\"0\" data-tm-centermode=\"0\" data-tm-centerpadding=\"300\" data-tm-nav=\"1\" data-tm-dots=\"1\" data-tm-slidestoscroll=\"1\" data-tm-autoplayspeed=\"4500\" data-tm-margin=\"50px\"><div class=\"themetechmount-boxes-inner\">\n\t\t\t<div class=\"themetechmount-box-heading-wrapper  \">\n\t\t\t\t<div class=\"tm-element-heading-content-wrapper center-align  tm-seperator-none tm-content-with-desc tm-heading-style-vertical \"><div class=\"tm-content-header\"><h2 class=\"tm-element-content-heading\">\n\t\t\t\tUltime novit\u00e0, rischi ed ordinanze\n\t\t\t<\/h2>\n\t\t<\/div><div class=\"tm-element-content-desctxt\">Section d\u00e9di\u00e9e \u00e0 la publication de toutes les derni\u00e8res nouvelles sur les situations de risque et les ordonnances li\u00e9es au volcan Etna et\/ou aux conditions m\u00e9t\u00e9orologiques.<\/div><\/div>\t\t\t\t\t\t\t<\/div>\n\n\t\t\t<div class=\"themetechmount-boxes-row-wrapper row multi-columns-row\">\n\n\t\t\t<div class=\"tm-box-col-wrapper  informations-et-arretes col-lg-4 col-sm-6 col-md-4 col-xs-12\"><article class=\"themetechmount-box themetechmount-box-blog themetechmount-blogbox-format-  themetechmount-blog-box-view-style3\">\n\t<div class=\"post-item\">\n\t\t<div class=\"themetechmount-blogbox-content\">\n\t\t\t<div class=\"themetechmount-box-img-left\">\n\t\t\t\t\n\t\t\t\t\t<div class=\"tm-overlay-box\">\n\t\t\t\t<div class=\"tm-entry-meta-wrapper\"><div class=\"entry-meta tm-entry-meta tm-entry-meta-blogbox\"><span class=\"tm-meta-line posted-on\"><i class=\"tm-a3trip-icon-calendar-outlilne\"><\/i> <span class=\"screen-reader-text tm-hide\">Posted on <\/span><a href=\"https:\/\/www.etna-volcano.com\/fr\/le-meilleur-mois-pour-visiter-letna-guide-complet\/\" rel=\"bookmark\"><span class=\"entry-date published\">18 juin 2025<\/span><span class=\"updated tm-hide\">18 juin 2025<\/span><\/a><\/span><span class=\"tm-meta-line cat-links\"><i class=\"tm-a3trip-icon-category\"><\/i> <span class=\"screen-reader-text tm-hide\">Categories <\/span><a href=\"https:\/\/www.etna-volcano.com\/fr\/informations-et-arretes\/\" rel=\"category tag\">Informations et arr\u00eat\u00e9s<\/a><\/span><\/div><\/div>\t\t\t\t\n\t\t\t<\/div>\t\n\t\t\t\t\n\t\t\t<\/div>\n\t\t\t\n\t\t\t<div class=\"themetechmount-box-content\">\n\t\t\t\t<div class=\"themetechmount-box-content-inner\">\n\t\t\t\t\t<div class=\"entry-header\">\t\t\t\t\t\n\t\t\t\t\t\t<div class=\"themetechmount-box-title\"><h4><a href=\"https:\/\/www.etna-volcano.com\/fr\/le-meilleur-mois-pour-visiter-letna-guide-complet\/\">Le meilleur mois pour visiter l\u2019Etna : guide complet<\/a><\/h4><\/div>\t\t\t\t\t\n\t\t\t\t\t<\/div>\t\n\t\t\t\t\t<div class=\"themetechmount-box-desc-footer\">\n\t\t\t\t\t\t<div class=\"themetechmount-blogbox-desc-footer\">\n\t\t\t\t\t\t\t\t\t\t\t\n\t\t\t\t\t\t<\/div>\n\t\t\t\t\t<\/div>\t\n\t\t\t\t<\/div>\t\t\t\t\n\t\t\t<\/div>\n\t\t<\/div>\n\t<\/div>\n<\/article>\n<\/div><div class=\"tm-box-col-wrapper  informations-et-arretes col-lg-4 col-sm-6 col-md-4 col-xs-12\"><article class=\"themetechmount-box themetechmount-box-blog themetechmount-blogbox-format-  themetechmount-blog-box-view-style3\">\n\t<div class=\"post-item\">\n\t\t<div class=\"themetechmount-blogbox-content\">\n\t\t\t<div class=\"themetechmount-box-img-left\">\n\t\t\t\t\n\t\t\t\t\t<div class=\"tm-overlay-box\">\n\t\t\t\t<div class=\"tm-entry-meta-wrapper\"><div class=\"entry-meta tm-entry-meta tm-entry-meta-blogbox\"><span class=\"tm-meta-line posted-on\"><i class=\"tm-a3trip-icon-calendar-outlilne\"><\/i> <span class=\"screen-reader-text tm-hide\">Posted on <\/span><a href=\"https:\/\/www.etna-volcano.com\/fr\/visiter-letna-en-toute-securite-ce-quil-faut-savoir-avant-une-excursion\/\" rel=\"bookmark\"><span class=\"entry-date published\">20 mai 2025<\/span><span class=\"updated tm-hide\">18 juin 2025<\/span><\/a><\/span><span class=\"tm-meta-line cat-links\"><i class=\"tm-a3trip-icon-category\"><\/i> <span class=\"screen-reader-text tm-hide\">Categories <\/span><a href=\"https:\/\/www.etna-volcano.com\/fr\/informations-et-arretes\/\" rel=\"category tag\">Informations et arr\u00eat\u00e9s<\/a><\/span><\/div><\/div>\t\t\t\t\n\t\t\t<\/div>\t\n\t\t\t\t\n\t\t\t<\/div>\n\t\t\t\n\t\t\t<div class=\"themetechmount-box-content\">\n\t\t\t\t<div class=\"themetechmount-box-content-inner\">\n\t\t\t\t\t<div class=\"entry-header\">\t\t\t\t\t\n\t\t\t\t\t\t<div class=\"themetechmount-box-title\"><h4><a href=\"https:\/\/www.etna-volcano.com\/fr\/visiter-letna-en-toute-securite-ce-quil-faut-savoir-avant-une-excursion\/\">Visiter l\u2019Etna en toute s\u00e9curit\u00e9 : ce qu\u2019il faut savoir avant une excursion<\/a><\/h4><\/div>\t\t\t\t\t\n\t\t\t\t\t<\/div>\t\n\t\t\t\t\t<div class=\"themetechmount-box-desc-footer\">\n\t\t\t\t\t\t<div class=\"themetechmount-blogbox-desc-footer\">\n\t\t\t\t\t\t\t\t\t\t\t\n\t\t\t\t\t\t<\/div>\n\t\t\t\t\t<\/div>\t\n\t\t\t\t<\/div>\t\t\t\t\n\t\t\t<\/div>\n\t\t<\/div>\n\t<\/div>\n<\/article>\n<\/div>\n\t\t\t<\/div>\n\n\t\t\t<\/div><!-- .themetechmount-boxes-inner -->   <\/div><!-- .themetechmount-boxes -->  \t\t\t\t<\/div>\n\t\t\t\t<\/div>\n\t\t\t\t<\/div>\n\t\t\t\t<\/div>\n\t\t","protected":false},"excerpt":{"rendered":"<p>Ultime novit\u00e0, rischi ed ordinanze Section d\u00e9di\u00e9e \u00e0 la publication de toutes les derni\u00e8res nouvelles sur les situations de risque et les ordonnances li\u00e9es au volcan Etna et\/ou aux conditions m\u00e9t\u00e9orologiques. Posted on 18 Giugno 202518 Giugno 2025 Categories Informazioni e ordinanze Il mese migliore per visitare l\u2019Etna: guida completa Posted on 20 Maggio 20256 &hellip; <a href=\"https:\/\/www.etna-volcano.com\/fr\/visiter-letna-en-toute-securite-ce-quil-faut-savoir-avant-une-excursion\/\" class=\"more-link\">Continue reading <span class=\"screen-reader-text\">Visiter l\u2019Etna en toute s\u00e9curit\u00e9 : ce qu\u2019il faut savoir avant une excursion<\/span><\/a><\/p>\n","protected":false},"author":1,"featured_media":0,"parent":0,"menu_order":0,"comment_status":"closed","ping_status":"closed","template":"","meta":{"footnotes":""},"class_list":["post-22074","page","type-page","status-publish","hentry"],"_links":{"self":[{"href":"https:\/\/www.etna-volcano.com\/fr\/wp-json\/wp\/v2\/pages\/22074","targetHints":{"allow":["GET"]}}],"collection":[{"href":"https:\/\/www.etna-volcano.com\/fr\/wp-json\/wp\/v2\/pages"}],"about":[{"href":"https:\/\/www.etna-volcano.com\/fr\/wp-json\/wp\/v2\/types\/page"}],"author":[{"embeddable":true,"href":"https:\/\/www.etna-volcano.com\/fr\/wp-json\/wp\/v2\/users\/1"}],"replies":[{"embeddable":true,"href":"https:\/\/www.etna-volcano.com\/fr\/wp-json\/wp\/v2\/comments?post=22074"}],"version-history":[{"count":1,"href":"https:\/\/www.etna-volcano.com\/fr\/wp-json\/wp\/v2\/pages\/22074\/revisions"}],"predecessor-version":[{"id":22075,"href":"https:\/\/www.etna-volcano.com\/fr\/wp-json\/wp\/v2\/pages\/22074\/revisions\/22075"}],"wp:attachment":[{"href":"https:\/\/www.etna-volcano.com\/fr\/wp-json\/wp\/v2\/media?parent=22074"}],"curies":[{"name":"wp","href":"https:\/\/api.w.org\/{rel}","templated":true}]}}