{"id":22076,"date":"2023-11-13T14:21:25","date_gmt":"2023-11-13T13:21:25","guid":{"rendered":"https:\/\/www.etna-volcano.com\/politique-de-confidentialite\/"},"modified":"2025-10-29T21:41:29","modified_gmt":"2025-10-29T20:41:29","slug":"politique-de-confidentialite","status":"publish","type":"page","link":"https:\/\/www.etna-volcano.com\/fr\/politique-de-confidentialite\/","title":{"rendered":"Politique de confidentialit\u00e9"},"content":{"rendered":"\t\t<div data-elementor-type=\"wp-page\" data-elementor-id=\"22076\" class=\"elementor elementor-22076 elementor-3\">\n\t\t\t\t<div class=\"elementor-element elementor-element-880d85d e-flex e-con-boxed e-con e-parent\" data-id=\"880d85d\" data-element_type=\"container\">\n\t\t\t\t\t<div class=\"e-con-inner\">\n\t\t\t\t<div class=\"elementor-element elementor-element-53ebd5ee elementor-widget elementor-widget-text-editor\" data-id=\"53ebd5ee\" data-element_type=\"widget\" data-widget_type=\"text-editor.default\">\n\t\t\t\t<div class=\"elementor-widget-container\">\n\t\t\t\t\t\t\t\t\t<h2>Politique de confidentialit\u00e9<\/h2>  Ce document \u00e9tablit et d\u00e9finit la relation contractuelle entre le client et notre entreprise.\nNomm\u00e9 : Etnavolcano.com li\u00e9 aux activit\u00e9s r\u00e9alis\u00e9es et propos\u00e9es par la Coop.\nGuide Vulcanologiche Etna Nord Soc. Coop.\nVAT\/CF : IT05583690879, qui agit en tant que responsable du traitement des donn\u00e9es conform\u00e9ment \u00e0 la l\u00e9gislation europ\u00e9enne et \u00e0 la l\u00e9gislation locale applicable.\nLe traitement des donn\u00e9es conform\u00e9ment \u00e0 la l\u00e9gislation europ\u00e9enne est r\u00e9gi par le R\u00e8glement g\u00e9n\u00e9ral sur la protection des donn\u00e9es (RGPD), en particulier les articles 6 et 9.      <ul>\n \t<li>  Article 6 : il \u00e9tablit les fondements juridiques du traitement des donn\u00e9es \u00e0 caract\u00e8re personnel.\nIl \u00e9num\u00e8re six motifs l\u00e9gitimes de traitement des donn\u00e9es, notamment le consentement de la personne concern\u00e9e, l&rsquo;ex\u00e9cution d&rsquo;un contrat, l&rsquo;ex\u00e9cution d&rsquo;une obligation l\u00e9gale, la protection des int\u00e9r\u00eats vitaux, l&rsquo;ex\u00e9cution d&rsquo;une mission d&rsquo;int\u00e9r\u00eat public ou relevant de l&rsquo;exercice de l&rsquo;autorit\u00e9 publique, et l&rsquo;int\u00e9r\u00eat l\u00e9gitime du responsable du traitement ou d&rsquo;un tiers. <\/li>\n \t<li>  Article 9 : r\u00e9git le traitement de cat\u00e9gories particuli\u00e8res de donn\u00e9es \u00e0 caract\u00e8re personnel, telles que les donn\u00e9es sensibles.\nIl stipule que le traitement de ces donn\u00e9es est interdit, sauf dans certaines circonstances sp\u00e9cifiques, telles que le consentement explicite de la personne concern\u00e9e ou la n\u00e9cessit\u00e9 pour des raisons d&rsquo;int\u00e9r\u00eat public important. <\/li>\n<\/ul>  Le R\u00e8glement g\u00e9n\u00e9ral sur la protection des donn\u00e9es (RGPD) est une loi europ\u00e9enne r\u00e9gissant le traitement des donn\u00e9es personnelles et la vie priv\u00e9e des individus au sein de l&rsquo;Union europ\u00e9enne (UE) et de l&rsquo;Espace \u00e9conomique europ\u00e9en (EEE).\nEntr\u00e9 en vigueur en mai 2018, le GDPR d\u00e9finit un certain nombre de principes et d&rsquo;exigences pour la collecte, le traitement et le stockage des donn\u00e9es personnelles afin de garantir que la vie priv\u00e9e des individus est correctement prot\u00e9g\u00e9e et respect\u00e9e.\nLes aspects cl\u00e9s du GDPR comprennent le consentement explicite pour le traitement des donn\u00e9es personnelles, le droit d&rsquo;acc\u00e8s et de portabilit\u00e9 des donn\u00e9es, la notification des violations de donn\u00e9es et les sanctions en cas de violation des r\u00e8gles.\nEn tant que responsable du traitement des donn\u00e9es, nous contr\u00f4lons la mani\u00e8re dont Etnavolcano.com et Coop.\nGuide Vulcanologiche Etna Nord Soc. Coop.     Nous traiterons toutes les informations personnelles qui nous sont fournies par le biais de nos syst\u00e8mes informatiques de backoffice, des sites Etnavolcano.com et Coop.\nGuide Vulcanologiche Etna Nord (www.etnavolcano.com et www.guidevulcanologicheetna.it), par t\u00e9l\u00e9phone ou par tout autre syst\u00e8me, conform\u00e9ment \u00e0 la pr\u00e9sente politique de confidentialit\u00e9. <g id=\"gid_0\">En acceptant<\/g> notre politique de confidentialit\u00e9, les clients confirment qu&rsquo;ils comprennent comment leurs donn\u00e9es personnelles seront utilis\u00e9es. <g id=\"gid_1\">Si les clients n&rsquo;acceptent pas les termes de cette politique de confidentialit\u00e9, veuillez ne pas utiliser nos services et ne pas fournir vos donn\u00e9es personnelles.<\/g> \n<br><br>\n\n<h2>A propos de nous<\/h2>  Toutes les r\u00e9f\u00e9rences \u00e0 Etnavolcano.com et Coop.\nGuide Vulcanologiche Etna Nord Soc. Coop, \u00e0 \u00ab\u00a0nous\u00a0\u00bb, \u00e0 \u00ab\u00a0notre\u00a0\u00bb ou \u00e0 \u00ab\u00a0nos\u00a0\u00bb dans la pr\u00e9sente &#8211; Politique de confidentialit\u00e9 &#8211; concernent Etnavolcano.com et Coop.\nGuide Vulcanologiche Etna Nord Soc. Coop.\nP.IVA\/CF : IT05583690879, soci\u00e9t\u00e9 inscrite au registre des soci\u00e9t\u00e9s de la SICILE SUD-EST, dont le si\u00e8ge social se trouve \u00e0 Linguaglossa, Catane, Italie, Via Viola1.     <br><br>\n<h2>Comment nous contacter<\/h2>  Pour toute question concernant la protection des donn\u00e9es personnelles et pour exercer vos droits en vertu de la l\u00e9gislation applicable, veuillez contacter Coop.\nGuide Vulcanologiche Etna Nord Soc. Coop.\nen utilisant les contacts habituels mis \u00e0 la disposition des clients.\nLe responsable du traitement des donn\u00e9es chez Coop.\nGuide Vulcanologiche Etna Nord Soc. Coop.\npeut \u00eatre contact\u00e9 \u00e0 l&rsquo;adresse \u00e9lectronique : infoetnavolcano@gmail.com.\nou \u00e0 l&rsquo;adresse : info.guidevulcanologicheetna@gmail.com.       Ce canal est r\u00e9serv\u00e9 exclusivement aux demandes relatives \u00e0 l&rsquo;exercice des droits de protection des donn\u00e9es et ne doit pas \u00eatre utilis\u00e9 pour des communications de routine.  <br><br>\n<h2>Protection des donn\u00e9es personnelles<\/h2>  Les donn\u00e9es personnelles des clients sont prot\u00e9g\u00e9es par la qualit\u00e9, l&rsquo;engagement et les normes \u00e9lev\u00e9es garanties par la Coop.\nGuide Vulcanologiche Etna Nord Soc. Coop.\n(TVA\/CF : IT05583690879) et par les lois en vigueur.\nAfin de respecter la l\u00e9gislation sur la protection des donn\u00e9es, toutes les op\u00e9rations de gestion des donn\u00e9es doivent \u00eatre effectu\u00e9es pour l&rsquo;une des raisons suivantes :     <ul>\n \t<li>Pour remplir les obligations contractuelles envers nos clients ;<\/li>\n \t<li>En cas d&rsquo;obligation l\u00e9gale ;<\/li>\n \t<li>Lorsque le client a donn\u00e9 son consentement au traitement de ses donn\u00e9es personnelles ;<\/li>\n \t<li>Lorsqu&rsquo;il existe un int\u00e9r\u00eat l\u00e9gitime de notre part.<\/li>\n<\/ul>\n<h2>Int\u00e9r\u00eat l\u00e9gitime<\/h2>  Le traitement des donn\u00e9es personnelles des clients peut avoir lieu pour des raisons commerciales, ce qui est dans notre int\u00e9r\u00eat l\u00e9gitime.\nToutefois, ces donn\u00e9es sont toujours prot\u00e9g\u00e9es et ne peuvent \u00eatre utilis\u00e9es \u00e0 mauvais escient ou d&rsquo;une mani\u00e8re pr\u00e9judiciable aux clients.\nLorsque nous fondons le traitement des donn\u00e9es sur l&rsquo;int\u00e9r\u00eat l\u00e9gitime, nous en informons les clients, en pr\u00e9cisant clairement quel est cet int\u00e9r\u00eat sp\u00e9cifique et en leur permettant de poser des questions ou de soulever des objections.\nDans certains cas, cependant, le droit des clients de s&rsquo;opposer au traitement peut \u00eatre limit\u00e9 pour des raisons plus importantes.     <br><br>\n<h2>Dur\u00e9e de conservation des donn\u00e9es personnelles<\/h2>  Aussi longtemps que la Coop. Guide Vulcanologiche Etna Nord Soc. Coop. (P.IVA\/CF : IT05583690879) d\u00e9tient des donn\u00e9es sur ses clients, nous nous engageons \u00e0 les prot\u00e9ger de mani\u00e8re ad\u00e9quate et \u00e0 ne les utiliser qu&rsquo;\u00e0 des fins appropri\u00e9es. Les donn\u00e9es seront conserv\u00e9es aussi longtemps que la personne restera cliente de la Coop. Guide Vulcanologiche Etna Nord Soc. Coop. Si une personne cesse d&rsquo;\u00eatre un client, nous conserverons ses donn\u00e9es pendant la dur\u00e9e minimale n\u00e9cessaire au respect des objectifs d\u00e9crits dans la pr\u00e9sente politique et des obligations l\u00e9gales ou r\u00e9glementaires applicables. En r\u00e8gle g\u00e9n\u00e9rale, cette p\u00e9riode n&rsquo;exc\u00e8de pas 10 ans \u00e0 compter de la collecte des donn\u00e9es, \u00e0 moins que des circonstances sp\u00e9cifiques ne requi\u00e8rent une p\u00e9riode plus longue. Les donn\u00e9es \u00e0 caract\u00e8re personnel trait\u00e9es uniquement \u00e0 des fins d&rsquo;activation de services et de marketing sont normalement conserv\u00e9es pendant une p\u00e9riode maximale de 24 mois \u00e0 compter de leur collecte, mais peuvent \u00eatre conserv\u00e9es plus longtemps dans certaines circonstances sp\u00e9cifiques. Les conditions qui peuvent prolonger la conservation des donn\u00e9es personnelles sont notamment la n\u00e9cessit\u00e9 d&rsquo;identifier un client en cas de nouvel enregistrement sur le site de Coop. Guide Vulcanologiche Etna Nord Soc. Coop, notre int\u00e9r\u00eat l\u00e9gitime dans la pr\u00e9vention et la d\u00e9tection d&rsquo;activit\u00e9s criminelles, ou la pr\u00e9paration et la d\u00e9fense en cas d&rsquo;action en justice. Une fois que ces conditions ont cess\u00e9 de s&rsquo;appliquer, les donn\u00e9es personnelles peuvent \u00eatre conserv\u00e9es plus longtemps s&rsquo;il n&rsquo;est pas techniquement possible de les supprimer. La non-fourniture de donn\u00e9es \u00e0 caract\u00e8re personnel peut nous emp\u00eacher de remplir nos obligations l\u00e9gales, d&rsquo;honorer nos engagements contractuels ou de vous fournir les services n\u00e9cessaires. Par cons\u00e9quent, il se peut que nous ne soyons pas en mesure d&rsquo;offrir nos produits et services aux personnes qui ne fournissent pas leurs donn\u00e9es \u00e0 caract\u00e8re personnel.  <br><br>\n<h2>Informations recueillies<\/h2>  Les informations et donn\u00e9es sur les clients que nous pouvons collecter, utiliser et traiter sont les suivantes :  <ul>\n \t<li>  Les informations fournies par les clients en remplissant des formulaires sur notre site web ou par courrier \u00e9lectronique.<\/li>\n \t<li>Enregistrements de la correspondance effectu\u00e9e par le biais du site web, du courrier \u00e9lectronique, du t\u00e9l\u00e9phone ou d&rsquo;autres moyens.<\/li>\n \t<li>R\u00e9ponses des clients \u00e0 des enqu\u00eates ou \u00e0 des \u00e9tudes de march\u00e9.<\/li>\n \t<li>Les d\u00e9tails des transactions effectu\u00e9es par les clients via le site, le t\u00e9l\u00e9phone ou d&rsquo;autres m\u00e9thodes.<\/li>\n \t<li>D\u00e9tails de l&rsquo;acc\u00e8s au site par les clients, y compris, mais sans s&rsquo;y limiter, les flux de donn\u00e9es, les donn\u00e9es de localisation, les blogs et autres donn\u00e9es de communication.<\/li>\n<\/ul>  Nous ne collectons des donn\u00e9es personnelles que lorsque nous avons des raisons valables de le faire et que cela ne viole pas les droits et libert\u00e9s du client, en utilisant \u00e9galement des sources publiques telles que les recherches sur Internet, les registres commerciaux et les m\u00e9dias.  <br><br>\n\n<h2>Fonctions sociales de nos produits<\/h2>  Si les clients d\u00e9cident d&rsquo;utiliser les fonctions sociales que nous offrons avec nos produits (comme le chat whatsapp ou Instagram et facebook), Coop.\nGuide Vulcanologiche Etna Nord Soc. Coop.\npeut stocker, enregistrer ou traiter de toute autre mani\u00e8re les donn\u00e9es collect\u00e9es de cette mani\u00e8re.    <br><br>\n<h2>Utilisation de cookies<\/h2>  Pour plus d&rsquo;informations sur l&rsquo;utilisation des cookies, veuillez consulter notre Politique en mati\u00e8re de cookies.  <br><br>\n<h2>Partage des donn\u00e9es personnelles avec d&rsquo;autres organisations<\/h2>  Les donn\u00e9es personnelles des clients peuvent \u00eatre partag\u00e9es au sein de la Coop.\nGuide Vulcanologiche Etna Nord Soc. ou avec les entit\u00e9s externes suivantes :   <ul>\n<li>  les services r\u00e9pressifs, les organismes de r\u00e9glementation et autres autorit\u00e9s publiques ;<\/li>\n<li>  les agences de v\u00e9rification d&rsquo;identit\u00e9 ;<\/li>\n<li>  les organisations par lesquelles le client nous a \u00e9t\u00e9 pr\u00e9sent\u00e9 ;<\/li>\n<li>  les tiers n\u00e9cessaires \u00e0 la fourniture des produits et services demand\u00e9s.<\/li>\n<\/ul>  En fonction des produits que vous choisissez, nous pouvons \u00eatre amen\u00e9s \u00e0 partager vos donn\u00e9es personnelles avec des tiers qui fournissent ces services.\nSi des donn\u00e9es \u00e0 caract\u00e8re personnel sont transf\u00e9r\u00e9es en dehors de l&rsquo;Espace \u00e9conomique europ\u00e9en (EEE), nous exigeons que des garanties appropri\u00e9es soient mises en place.   <br><br>  Nous pouvons \u00e9galement partager des informations personnelles avec des soci\u00e9t\u00e9s associ\u00e9es ou des filiales, ainsi qu&rsquo;avec des partenaires commerciaux ou des ayants droit.\nNous ne transf\u00e9rerons les informations personnelles d&rsquo;un client en dehors de l&rsquo;EEE que dans les cas suivants :   <ul>\n<li>  le client a donn\u00e9 son consentement explicite ;<\/li>\n<li>  est n\u00e9cessaire pour \u00e9tablir ou honorer un contrat que le client a sign\u00e9 avec nous ;<\/li>\n<li>  pour se conformer \u00e0 une obligation l\u00e9gale.<\/li>\n<\/ul>  Si des donn\u00e9es \u00e0 caract\u00e8re personnel sont transf\u00e9r\u00e9es en dehors de l&rsquo;EEE, que ce soit au sein du groupe ou \u00e0 nos partenaires commerciaux, nous prendrons toutes les mesures n\u00e9cessaires pour garantir qu&rsquo;elles sont prot\u00e9g\u00e9es selon les m\u00eames normes que dans l&rsquo;EEE, de l&rsquo;une des mani\u00e8res suivantes :  <ul>\n<li>  la Commission europ\u00e9enne a v\u00e9rifi\u00e9 que le pays de destination offre le m\u00eame niveau de protection que l&rsquo;EEE.\nVous trouverez de plus amples informations sur le site web du commissaire europ\u00e9en \u00e0 la justice ; <\/li>\n<li>  conclure des contrats qui obligent le destinataire \u00e0 prot\u00e9ger les donn\u00e9es \u00e0 caract\u00e8re personnel avec les m\u00eames normes de protection que celles utilis\u00e9es dans l&rsquo;EEE ;<\/li>\n<li>  si la transmission se fait vers les \u00c9tats-Unis, le destinataire doit adh\u00e9rer au bouclier de protection de la vie priv\u00e9e UE-\u00c9tats-Unis, qui garantit la protection des donn\u00e9es \u00e0 caract\u00e8re personnel \u00e0 un niveau approuv\u00e9 par l&rsquo;UE.\nDe plus amples informations sont disponibles sur le site web du commissaire europ\u00e9en \u00e0 la justice. <\/li>\n<\/ul>  Dans certains cas, nous pouvons \u00eatre oblig\u00e9s par la loi de fournir les donn\u00e9es personnelles de nos clients \u00e0 des tiers et nous pouvons avoir un contr\u00f4le limit\u00e9 sur la fa\u00e7on dont ces entit\u00e9s les prot\u00e8gent.  <br><br>\n<h2>Droits des clients en ce qui concerne leurs donn\u00e9es personnelles<\/h2>  Nous nous engageons \u00e0 soutenir les clients qui souhaitent exercer leurs droits sur leurs donn\u00e9es personnelles, tels que  <ul>\n<li>  retirer le consentement donn\u00e9, bien que cela n&rsquo;affecte pas le traitement effectu\u00e9 lorsque nous avions le consentement du client ;<\/li>\n<li>  d\u00e9poser une plainte aupr\u00e8s de l&rsquo;autorit\u00e9 comp\u00e9tente en mati\u00e8re de protection des donn\u00e9es ;<\/li>\n<li>  demander l&rsquo;acc\u00e8s \u00e0 leurs donn\u00e9es personnelles trait\u00e9es ou en notre possession ;<\/li>\n<li>  demander la correction de donn\u00e9es personnelles incorrectes ou obsol\u00e8tes ;<\/li>\n<li>  demander la suppression des donn\u00e9es personnelles trait\u00e9es ;<\/li>\n<li>  demander la limitation du traitement de ses donn\u00e9es personnelles dans certaines circonstances ;<\/li>\n<li>  demander \u00e0 recevoir ou \u00e0 fournir \u00e0 une autre entreprise d\u00e9sign\u00e9e par le client certaines donn\u00e9es \u00e0 caract\u00e8re personnel, comme le pr\u00e9voit le \u00ab\u00a0droit \u00e0 la portabilit\u00e9 des donn\u00e9es\u00a0\u00bb ;<\/li>\n<li>  s&rsquo;opposer au traitement des donn\u00e9es sur la base de notre int\u00e9r\u00eat l\u00e9gitime ;<\/li>\n<li>  contester une d\u00e9cision prise de mani\u00e8re enti\u00e8rement automatique, en exprimant son point de vue et en demandant un r\u00e9examen de la d\u00e9cision par une personne.<\/li>\n<\/ul>  Pour plus d&rsquo;informations sur vos droits et pour les exercer, vous pouvez nous contacter \u00e0 l&rsquo;adresse suivante : infoetnavolcano@gmail.com.  <br><br>\n<h2>Gestion des donn\u00e9es sensibles et des images photographiques<\/h2>  Les participants autorisent le traitement de leurs donn\u00e9es personnelles conform\u00e9ment \u00e0 l&rsquo;article 13 du d\u00e9cret l\u00e9gislatif n\u00b0.\n196\/2003 et \u00e0 l&rsquo;article 13 du R\u00e8glement g\u00e9n\u00e9ral sur la protection des donn\u00e9es (RGPD) no.\n679\/16.\nLes donn\u00e9es collect\u00e9es seront utilis\u00e9es exclusivement pour l&rsquo;ex\u00e9cution des activit\u00e9s r\u00e9cr\u00e9atives et ne seront pas communiqu\u00e9es \u00e0 des tiers \u00e0 des fins commerciales.\nEn outre, vous consentez \u00e0 la publication de mat\u00e9riel photographique, obtenu lors des activit\u00e9s, sur nos canaux sociaux \u00e0 des fins promotionnelles.\nToute personne souhaitant s&rsquo;opposer \u00e0 la publication de ses images DOIT en informer le guide ou l&rsquo;organisation au pr\u00e9alable.       <br><br>\n<h2>Modifications de la politique de confidentialit\u00e9<\/h2>  La pr\u00e9sente politique peut \u00eatre mise \u00e0 jour p\u00e9riodiquement ; nous encourageons donc les clients \u00e0 la consulter fr\u00e9quemment.\nSi des modifications sont apport\u00e9es, nous en informerons les clients \u00e0 l&rsquo;avance par courrier \u00e9lectronique ou par d&rsquo;autres canaux de communication convenus, afin de leur donner suffisamment de temps pour examiner et comprendre les modifications avant qu&rsquo;elles n&rsquo;entrent en vigueur.   <br><br>  Nous ne mettrons pas en \u0153uvre de modifications importantes de la politique de protection de la vie priv\u00e9e sans l&rsquo;accord du client.\nSi un client rejette les modifications ou ne les accepte pas dans le d\u00e9lai imparti, il se peut que nous ne soyons pas en mesure de continuer \u00e0 fournir tout ou partie de nos produits et services.   \t\t\t\t\t\t\t\t<\/div>\n\t\t\t\t<\/div>\n\t\t\t\t\t<\/div>\n\t\t\t\t<\/div>\n\t\t\t\t<\/div>\n\t\t","protected":false},"excerpt":{"rendered":"<p>Politique de confidentialit\u00e9 Ce document \u00e9tablit et d\u00e9finit la relation contractuelle entre le client et notre entreprise. Nomm\u00e9 : Etnavolcano.com li\u00e9 aux activit\u00e9s r\u00e9alis\u00e9es et propos\u00e9es par la Coop. Guide Vulcanologiche Etna Nord Soc. Coop. VAT\/CF : IT05583690879, qui agit en tant que responsable du traitement des donn\u00e9es conform\u00e9ment \u00e0 la l\u00e9gislation europ\u00e9enne et \u00e0 &hellip; <a href=\"https:\/\/www.etna-volcano.com\/fr\/politique-de-confidentialite\/\" class=\"more-link\">Continue reading <span class=\"screen-reader-text\">Politique de confidentialit\u00e9<\/span><\/a><\/p>\n","protected":false},"author":1,"featured_media":0,"parent":0,"menu_order":0,"comment_status":"closed","ping_status":"closed","template":"","meta":{"footnotes":""},"class_list":["post-22076","page","type-page","status-publish","hentry"],"_links":{"self":[{"href":"https:\/\/www.etna-volcano.com\/fr\/wp-json\/wp\/v2\/pages\/22076","targetHints":{"allow":["GET"]}}],"collection":[{"href":"https:\/\/www.etna-volcano.com\/fr\/wp-json\/wp\/v2\/pages"}],"about":[{"href":"https:\/\/www.etna-volcano.com\/fr\/wp-json\/wp\/v2\/types\/page"}],"author":[{"embeddable":true,"href":"https:\/\/www.etna-volcano.com\/fr\/wp-json\/wp\/v2\/users\/1"}],"replies":[{"embeddable":true,"href":"https:\/\/www.etna-volcano.com\/fr\/wp-json\/wp\/v2\/comments?post=22076"}],"version-history":[{"count":1,"href":"https:\/\/www.etna-volcano.com\/fr\/wp-json\/wp\/v2\/pages\/22076\/revisions"}],"predecessor-version":[{"id":22077,"href":"https:\/\/www.etna-volcano.com\/fr\/wp-json\/wp\/v2\/pages\/22076\/revisions\/22077"}],"wp:attachment":[{"href":"https:\/\/www.etna-volcano.com\/fr\/wp-json\/wp\/v2\/media?parent=22076"}],"curies":[{"name":"wp","href":"https:\/\/api.w.org\/{rel}","templated":true}]}}